{"id":78,"date":"2017-12-12T11:24:21","date_gmt":"2017-12-12T15:24:21","guid":{"rendered":"http:\/\/ayuntamiento.guineo\/transparencia\/?page_id=78"},"modified":"2022-06-04T00:05:51","modified_gmt":"2022-06-04T04:05:51","slug":"definicion-oaim-oficina-de-acceso-a-la-informacion-municipal","status":"publish","type":"page","link":"https:\/\/ayuntamientotamayo.gob.do\/transparencia\/definicion-oaim-oficina-de-acceso-a-la-informacion-municipal\/","title":{"rendered":"Definici\u00f3n OAIM (Oficina de Acceso a la Informaci\u00f3n Municipal)"},"content":{"rendered":"<ul style=\"list-style-type: square\">\n<li><strong>OAI<\/strong><\/li>\n<\/ul>\n<p><span style=\"color: #000000\"><strong>Definici\u00f3n OAI (Oficina de Acceso a la Informaci\u00f3n p\u00fablica).<\/strong><\/span><\/p>\n<p>La Oficina de Acceso a la Informaci\u00f3n (OAI), es un mandato de la Ley General de Libre Acceso a la Informaci\u00f3n P\u00fablica Ley 200-04 y el Decreto No. 130-05 que crea el reglamento de dicha ley, con el objetivo de apoyar a entidades y personas tanto p\u00fablicas como privadas mediante las informaciones solicitadas.<\/p>\n<p>La Misi\u00f3n de la Oficina de Acceso a la Informaci\u00f3n es de permitir a la ciudadan\u00eda el ejercicio de su derecho de acceso a la informaci\u00f3n, manteniendo los valores de honestidad, integridad, probidad y eficacia.<\/p>\n<p>Su Visi\u00f3n es servir de apoyo al ejercicio de una administraci\u00f3n p\u00fablica m\u00e1s eficiente y plausible, de manera que el ciudadano pueda conocer y evaluar las actividades realizadas por la instituci\u00f3n.<\/p>\n<ul style=\"list-style-type: square\">\n<li><strong><span style=\"font-size: revert;color: initial\">Definici\u00f3n del(la) RAI<\/span><\/strong><\/li>\n<\/ul>\n<p>Es el(la) representante del Acceso a la Informaci\u00f3n, es el responsable de recibir las solicitudes, tramitar, facilitar y entregar las informaciones requeridas y de ser el canal de comunicaci\u00f3n entre la instituci\u00f3n y la ciudadan\u00eda. Tiene adem\u00e1s la tarea de publicar de manera permanente y actualizada, las informaciones en el portal web institucional de transparencia.<\/p>\n<ul style=\"list-style-type: square\">\n<li><span style=\"font-size: revert;color: initial\">Proceso de Solicitud de Informaci\u00f3n:<\/span><\/li>\n<\/ul>\n<ul>\n<li>Todo ciudadano tiene el derecho de solicitar informaci\u00f3n de car\u00e1cter p\u00fablico, visitando personalmente la Oficina de Acceso a la Informaci\u00f3n o visitando el Portal Web Institucional en la secci\u00f3n Transparencia.<\/li>\n<li>La RAI recibe la solicitud, revisa dicho documento con la finalidad de verificar que est\u00e1 debidamente redactada y que cumple con los requisitos legales.<\/li>\n<li>Completa el formulario de solicitud de informaci\u00f3n y registra los datos en un Libro de Registro.<\/li>\n<li>Se entrega de copia de formulario, al solicitante.<\/li>\n<li>La RAI solicita al Departamento que maneje dicha informaci\u00f3n, mediante otro formulario.<\/li>\n<li>La RAI dar\u00e1 seguimiento de la(s) solicitud(es) hasta confirmar que se ha suministrado o hasta la entrega de la informaci\u00f3n.<\/li>\n<\/ul>\n","protected":false},"excerpt":{"rendered":"OAI Definici\u00f3n OAI (Oficina de Acceso a la Informaci\u00f3n p\u00fablica). La Oficina de Acceso a la Informaci\u00f3n (OAI), es un mandato de la Ley General de Libre Acceso a la Informaci\u00f3n P\u00fablica Ley 200-04 y el Decreto No. 130-05 que crea el reglamento de dicha ley, con el objetivo de apoyar a entidades y personas&#8230;","protected":false},"author":4,"featured_media":0,"parent":0,"menu_order":0,"comment_status":"closed","ping_status":"closed","template":"","meta":[],"acf":[],"_links":{"self":[{"href":"https:\/\/ayuntamientotamayo.gob.do\/transparencia\/wp-json\/wp\/v2\/pages\/78"}],"collection":[{"href":"https:\/\/ayuntamientotamayo.gob.do\/transparencia\/wp-json\/wp\/v2\/pages"}],"about":[{"href":"https:\/\/ayuntamientotamayo.gob.do\/transparencia\/wp-json\/wp\/v2\/types\/page"}],"author":[{"embeddable":true,"href":"https:\/\/ayuntamientotamayo.gob.do\/transparencia\/wp-json\/wp\/v2\/users\/4"}],"replies":[{"embeddable":true,"href":"https:\/\/ayuntamientotamayo.gob.do\/transparencia\/wp-json\/wp\/v2\/comments?post=78"}],"version-history":[{"count":5,"href":"https:\/\/ayuntamientotamayo.gob.do\/transparencia\/wp-json\/wp\/v2\/pages\/78\/revisions"}],"predecessor-version":[{"id":456,"href":"https:\/\/ayuntamientotamayo.gob.do\/transparencia\/wp-json\/wp\/v2\/pages\/78\/revisions\/456"}],"wp:attachment":[{"href":"https:\/\/ayuntamientotamayo.gob.do\/transparencia\/wp-json\/wp\/v2\/media?parent=78"}],"curies":[{"name":"wp","href":"https:\/\/api.w.org\/{rel}","templated":true}]}}