{"id":258,"date":"2018-01-22T10:17:40","date_gmt":"2018-01-22T14:17:40","guid":{"rendered":"http:\/\/ayuntamiento.o\/transparencia\/?page_id=258"},"modified":"2024-10-11T11:25:23","modified_gmt":"2024-10-11T15:25:23","slug":"responsable-de-acceso-a-la-informacion","status":"publish","type":"page","link":"https:\/\/ayuntamientotamayo.gob.do\/transparencia\/responsable-de-acceso-a-la-informacion\/","title":{"rendered":"Responsable de Acceso a la Informaci\u00f3n"},"content":{"rendered":"<p>La Ley No. 200-04 de Libre Acceso a la Informaci\u00f3n P\u00fablica, establece como un deber del Estado \u201cbrindar la informaci\u00f3n que esta ley [200-04] establece con car\u00e1cter obligatorio y de disponibilidad y actualizaci\u00f3n permanente y las informaciones que fueran requeridas en forma especial por los interesados\u201d.<\/p>\n<p>El Reglamento de dicha Ley, marcado con el N\u00famero l30-05, establece que \u201cdeber\u00e1 asignarse un Responsable de Acceso a la Informaci\u00f3n (RAI) y organizarse las Oficinas de Acceso a la Informaci\u00f3n (OAI), ante la cual se har\u00e1 efectivo el ejercicio del derecho de acceso a la informaci\u00f3n.<\/p>\n<p>La MISI\u00d3N de la Oficina de Acceso a la Informaci\u00f3n es de permitir a la ciudadan\u00eda el ejercicio de su derecho de acceso a la informaci\u00f3n, manteniendo los valores de honestidad, integridad, probidad y eficacia.<\/p>\n<p>Su VISI\u00d3N es servir de apoyo al ejercicio de una administraci\u00f3n p\u00fablica m\u00e1s eficiente y plausible, de manera que el ciudadano pueda conocer y evaluar las actividades realizadas por la instituci\u00f3n.<\/p>\n<h3 class=\"widget-title\">RESPONSABLE DE ACCESO A LA INFORMACI\u00d3N<\/h3>\n<p>Contacto<img decoding=\"async\" loading=\"lazy\" class=\"wp-image-584 alignleft\" src=\"http:\/\/ayuntamientotamayo.gob.do\/transparencia\/wp-content\/uploads\/2022\/07\/IMG-20220623-WA0013-250x333.jpg\" alt=\"\" width=\"153\" height=\"204\" srcset=\"https:\/\/ayuntamientotamayo.gob.do\/transparencia\/wp-content\/uploads\/2022\/07\/IMG-20220623-WA0013-250x333.jpg 250w, https:\/\/ayuntamientotamayo.gob.do\/transparencia\/wp-content\/uploads\/2022\/07\/IMG-20220623-WA0013-700x933.jpg 700w, https:\/\/ayuntamientotamayo.gob.do\/transparencia\/wp-content\/uploads\/2022\/07\/IMG-20220623-WA0013-120x160.jpg 120w, https:\/\/ayuntamientotamayo.gob.do\/transparencia\/wp-content\/uploads\/2022\/07\/IMG-20220623-WA0013.jpg 768w\" sizes=\"(max-width: 153px) 100vw, 153px\" \/><br \/><b>Claudia Fabi\u00e1n Pineda<\/b><br \/>Responsable de la Oficina de Acceso a la Informaci\u00f3n (RAI)<br \/><strong>Direcci\u00f3n:<\/strong> C\/ Rafael Reyes No. 15 frente al Parque, Tamayo, Prov. Bahoruco, Rep\u00fablica Dominicana.<br \/><strong>Tel\u00e9fono:<\/strong> 829-750-2678<br \/><strong>Correo Electr\u00f3nico:<\/strong> Ayuntamientotamayo.oai@gmail.com<\/p>\n<p>\u00a0<\/p>\n\n\n<figure class=\"wp-block-gallery has-nested-images columns-default is-cropped wp-block-gallery-1 is-layout-flex\">\n<figure class=\"wp-block-image size-large\"><img decoding=\"async\" loading=\"lazy\" width=\"700\" height=\"902\" data-id=\"1315\"  src=\"https:\/\/ayuntamientotamayo.gob.do\/transparencia\/wp-content\/uploads\/2024\/10\/WhatsApp-Image-2024-10-11-at-11.22.39-AM-700x902.jpeg\" alt=\"\" class=\"wp-image-1315\" srcset=\"https:\/\/ayuntamientotamayo.gob.do\/transparencia\/wp-content\/uploads\/2024\/10\/WhatsApp-Image-2024-10-11-at-11.22.39-AM-700x902.jpeg 700w, https:\/\/ayuntamientotamayo.gob.do\/transparencia\/wp-content\/uploads\/2024\/10\/WhatsApp-Image-2024-10-11-at-11.22.39-AM-250x322.jpeg 250w, https:\/\/ayuntamientotamayo.gob.do\/transparencia\/wp-content\/uploads\/2024\/10\/WhatsApp-Image-2024-10-11-at-11.22.39-AM-768x990.jpeg 768w, https:\/\/ayuntamientotamayo.gob.do\/transparencia\/wp-content\/uploads\/2024\/10\/WhatsApp-Image-2024-10-11-at-11.22.39-AM-120x155.jpeg 120w, https:\/\/ayuntamientotamayo.gob.do\/transparencia\/wp-content\/uploads\/2024\/10\/WhatsApp-Image-2024-10-11-at-11.22.39-AM.jpeg 993w\" sizes=\"(max-width: 700px) 100vw, 700px\" \/><\/figure>\n<\/figure>\n","protected":false},"excerpt":{"rendered":"La Ley No. 200-04 de Libre Acceso a la Informaci\u00f3n P\u00fablica, establece como un deber del Estado \u201cbrindar la informaci\u00f3n que esta ley [200-04] establece con car\u00e1cter obligatorio y de disponibilidad y actualizaci\u00f3n permanente y las informaciones que fueran requeridas en forma especial por los interesados\u201d. El Reglamento de dicha Ley, marcado con el N\u00famero&#8230;","protected":false},"author":4,"featured_media":0,"parent":0,"menu_order":0,"comment_status":"closed","ping_status":"closed","template":"","meta":[],"acf":[],"_links":{"self":[{"href":"https:\/\/ayuntamientotamayo.gob.do\/transparencia\/wp-json\/wp\/v2\/pages\/258"}],"collection":[{"href":"https:\/\/ayuntamientotamayo.gob.do\/transparencia\/wp-json\/wp\/v2\/pages"}],"about":[{"href":"https:\/\/ayuntamientotamayo.gob.do\/transparencia\/wp-json\/wp\/v2\/types\/page"}],"author":[{"embeddable":true,"href":"https:\/\/ayuntamientotamayo.gob.do\/transparencia\/wp-json\/wp\/v2\/users\/4"}],"replies":[{"embeddable":true,"href":"https:\/\/ayuntamientotamayo.gob.do\/transparencia\/wp-json\/wp\/v2\/comments?post=258"}],"version-history":[{"count":8,"href":"https:\/\/ayuntamientotamayo.gob.do\/transparencia\/wp-json\/wp\/v2\/pages\/258\/revisions"}],"predecessor-version":[{"id":1316,"href":"https:\/\/ayuntamientotamayo.gob.do\/transparencia\/wp-json\/wp\/v2\/pages\/258\/revisions\/1316"}],"wp:attachment":[{"href":"https:\/\/ayuntamientotamayo.gob.do\/transparencia\/wp-json\/wp\/v2\/media?parent=258"}],"curies":[{"name":"wp","href":"https:\/\/api.w.org\/{rel}","templated":true}]}}