{"id":2,"date":"2017-12-12T12:55:06","date_gmt":"2017-12-12T12:55:06","guid":{"rendered":"http:\/\/ayuntamiento.dev\/transparencia\/?page_id=2"},"modified":"2024-04-26T13:14:20","modified_gmt":"2024-04-26T17:14:20","slug":"inicio","status":"publish","type":"page","link":"https:\/\/ayuntamientotamayo.gob.do\/transparencia\/","title":{"rendered":"Inicio"},"content":{"rendered":"<p>En este portal interactivo hacemos disponible todo lo requerido en la Ley General de Libre Acceso a la Informaci\u00f3n P\u00fablica Ley 200-04 y el Decreto No. 130-05 que crea el reglamento de la ley.<\/p>\n<p><strong>Art\u00edculo 5.-<\/strong> \u00abSe dispone la informatizaci\u00f3n y la incorporaci\u00f3n al sistema de comunicaci\u00f3n por Internet, o a cualquier otro sistema similar que en el futuro se establezca, de todos los organismos p\u00fablicos centralizados y descentralizados del Estado, incluyendo el Distrito Nacional y los Municipios, con la finalidad de garantizar a trav\u00e9s de \u00e9ste un acceso directo del p\u00fablico a la informaci\u00f3n del Estado.\u00bb<\/p>\n<p>Todos los poderes y organismos del Estado deber\u00e1n instrumentar la publicaci\u00f3n de sus respectivas \u00abP\u00e1ginas Web\u00bb a los siguientes fines:<\/p>\n<blockquote>\n<p>Difusi\u00f3n de Informaci\u00f3n:<br \/>Estructura, integrantes, normativas de funcionamiento, proyectos, informes de gesti\u00f3n, base de datos.<\/p>\n<p>Centro de Intercambio y Atenci\u00f3n al Cliente o Usuario:<br \/>Consultas, quejas y sugerencias.<\/p>\n<p>Tr\u00e1mites o Transacciones Bilaterales:<br \/>\u00abLa informaci\u00f3n a que hace referencia el p\u00e1rrafo anterior ser\u00e1 de libre acceso al p\u00fablico sin necesidad de petici\u00f3n previa\u00bb.<\/p>\n<\/blockquote>\n<p>\u00abNuestro Portal cumple con las especificaciones contempladas en la Ley 200-04, la cual establece la actualizaci\u00f3n permanente de las informaciones ofrecidas en el mismo\u00bb.<\/p>\n\n\n<figure class=\"wp-block-gallery has-nested-images columns-default is-cropped wp-block-gallery-1 is-layout-flex\">\n<figure class=\"wp-block-image size-large\"><img decoding=\"async\" loading=\"lazy\" width=\"700\" height=\"466\" data-id=\"1124\"  src=\"https:\/\/ayuntamientotamayo.gob.do\/transparencia\/wp-content\/uploads\/2024\/04\/nuevas-aotoridades-700x466.jpg\" alt=\"\" class=\"wp-image-1124\" srcset=\"https:\/\/ayuntamientotamayo.gob.do\/transparencia\/wp-content\/uploads\/2024\/04\/nuevas-aotoridades-700x466.jpg 700w, https:\/\/ayuntamientotamayo.gob.do\/transparencia\/wp-content\/uploads\/2024\/04\/nuevas-aotoridades-250x167.jpg 250w, https:\/\/ayuntamientotamayo.gob.do\/transparencia\/wp-content\/uploads\/2024\/04\/nuevas-aotoridades-768x512.jpg 768w, https:\/\/ayuntamientotamayo.gob.do\/transparencia\/wp-content\/uploads\/2024\/04\/nuevas-aotoridades-1536x1023.jpg 1536w, https:\/\/ayuntamientotamayo.gob.do\/transparencia\/wp-content\/uploads\/2024\/04\/nuevas-aotoridades-120x80.jpg 120w, https:\/\/ayuntamientotamayo.gob.do\/transparencia\/wp-content\/uploads\/2024\/04\/nuevas-aotoridades.jpg 1600w\" sizes=\"(max-width: 700px) 100vw, 700px\" \/><\/figure>\n<\/figure>\n","protected":false},"excerpt":{"rendered":"En este portal interactivo hacemos disponible todo lo requerido en la Ley General de Libre Acceso a la Informaci\u00f3n P\u00fablica Ley 200-04 y el Decreto No. 130-05 que crea el reglamento de la ley. Art\u00edculo 5.- \u00abSe dispone la informatizaci\u00f3n y la incorporaci\u00f3n al sistema de comunicaci\u00f3n por Internet, o a cualquier otro sistema similar&#8230;","protected":false},"author":4,"featured_media":0,"parent":0,"menu_order":0,"comment_status":"closed","ping_status":"open","template":"template-home.php","meta":[],"acf":[],"_links":{"self":[{"href":"https:\/\/ayuntamientotamayo.gob.do\/transparencia\/wp-json\/wp\/v2\/pages\/2"}],"collection":[{"href":"https:\/\/ayuntamientotamayo.gob.do\/transparencia\/wp-json\/wp\/v2\/pages"}],"about":[{"href":"https:\/\/ayuntamientotamayo.gob.do\/transparencia\/wp-json\/wp\/v2\/types\/page"}],"author":[{"embeddable":true,"href":"https:\/\/ayuntamientotamayo.gob.do\/transparencia\/wp-json\/wp\/v2\/users\/4"}],"replies":[{"embeddable":true,"href":"https:\/\/ayuntamientotamayo.gob.do\/transparencia\/wp-json\/wp\/v2\/comments?post=2"}],"version-history":[{"count":5,"href":"https:\/\/ayuntamientotamayo.gob.do\/transparencia\/wp-json\/wp\/v2\/pages\/2\/revisions"}],"predecessor-version":[{"id":1125,"href":"https:\/\/ayuntamientotamayo.gob.do\/transparencia\/wp-json\/wp\/v2\/pages\/2\/revisions\/1125"}],"wp:attachment":[{"href":"https:\/\/ayuntamientotamayo.gob.do\/transparencia\/wp-json\/wp\/v2\/media?parent=2"}],"curies":[{"name":"wp","href":"https:\/\/api.w.org\/{rel}","templated":true}]}}